{"id":3802,"date":"2021-11-20T05:05:28","date_gmt":"2021-11-20T04:05:28","guid":{"rendered":"https:\/\/erzaehlbistro.ch\/contexte\/"},"modified":"2024-04-12T10:37:25","modified_gmt":"2024-04-12T08:37:25","slug":"contexte","status":"publish","type":"page","link":"https:\/\/erzaehlbistro.ch\/fr\/contexte\/","title":{"rendered":"Contexte"},"content":{"rendered":"<p><div class=\"fusion-fullwidth fullwidth-box fusion-builder-row-1 fusion-flex-container nonhundred-percent-fullwidth non-hundred-percent-height-scrolling\" style=\"--awb-border-radius-top-left:0px;--awb-border-radius-top-right:0px;--awb-border-radius-bottom-right:0px;--awb-border-radius-bottom-left:0px;--awb-padding-bottom:50px;--awb-flex-wrap:wrap;\" ><div class=\"fusion-builder-row fusion-row fusion-flex-align-items-flex-start fusion-flex-content-wrap\" style=\"max-width:1248px;margin-left: calc(-4% \/ 2 );margin-right: calc(-4% \/ 2 );\"><div class=\"fusion-layout-column fusion_builder_column fusion-builder-column-0 fusion_builder_column_1_1 1_1 fusion-flex-column\" style=\"--awb-bg-size:cover;--awb-width-large:100%;--awb-margin-top-large:0px;--awb-spacing-right-large:1.92%;--awb-margin-bottom-large:20px;--awb-spacing-left-large:1.92%;--awb-width-medium:100%;--awb-order-medium:0;--awb-spacing-right-medium:1.92%;--awb-spacing-left-medium:1.92%;--awb-width-small:100%;--awb-order-small:0;--awb-spacing-right-small:1.92%;--awb-spacing-left-small:1.92%;\"><div class=\"fusion-column-wrapper fusion-column-has-shadow fusion-flex-justify-content-flex-start fusion-content-layout-column\"><div class=\"fusion-title title fusion-title-1 fusion-sep-none fusion-title-text fusion-title-size-two\"><h2 class=\"fusion-title-heading title-heading-left\" style=\"margin:0;\">L\u2019heure est \u00e0 l\u2019analyse : table ronde, initiative sur la r\u00e9paration, Bistrot d\u2019\u00e9change<\/h2><\/div><div class=\"fusion-separator\" style=\"align-self: flex-start;margin-right:auto;margin-top:0px;margin-bottom:40px;width:100%;max-width:200px;\"><div class=\"fusion-separator-border sep-single sep-solid\" style=\"--awb-height:20px;--awb-amount:20px;--awb-sep-color:#e95160;border-color:#e95160;border-top-width:3px;\"><\/div><\/div><div class=\"fusion-text fusion-text-1\" style=\"--awb-text-transform:none;\"><p><span style=\"font-weight: 400;\">La table ronde \u2013 \u00e0 laquelle ont particip\u00e9 victimes, autorit\u00e9s ainsi que d\u2019autres organisations \u2013 a \u00e9t\u00e9 mise en place par la conseill\u00e8re f\u00e9d\u00e9rale Simonetta Sommaruga en juin 2013. L\u2019objectif de la table ronde \u00e9tait d\u2019amorcer une analyse en profondeur des mesures de coercition \u00e0 des fins d\u2019assistance et des placements extrafamiliaux ant\u00e9rieurs \u00e0 1981.<\/span><\/p>\n<p><span style=\"font-weight: 400;\">Un comit\u00e9 interpartis a lanc\u00e9 au printemps 2014 l\u2019initiative sur la r\u00e9paration pour les enfants plac\u00e9s de force et les victimes des mesures de coercition \u00e0 des fins d\u2019assistance. Cette initiative \u00e9tait politiquement n\u00e9cessaire, car il n\u2019existait \u00e0 ce jour aucune base l\u00e9gale pour une \u00e9tude scientifique et une r\u00e9paration financi\u00e8re compl\u00e8te. Gr\u00e2ce \u00e0 la campagne et au large soutien de la population, le Parlement a repris toutes les principales revendications de l\u2019initiative. Dans le cadre d\u2019un contre-projet, les enfants plac\u00e9s et autres victimes d\u2019abus seront indemnis\u00e9s et recevront une contribution de solidarit\u00e9. Les plus de 11\u2019000 personnes touch\u00e9es ayant d\u00e9pos\u00e9 une demande b\u00e9n\u00e9ficieront ainsi de leur vivant d\u2019une reconnaissance officielle pour le tort subi. Elles repr\u00e9sentent \u00e9galement les centaines de milliers de victimes de mesures de coercition qui n\u2019auront pas eu la chance de vivre ce moment historique.<\/span><\/p>\n<p>Il est bien s\u00fbr toujours possible de d\u00e9poser des demandes :\u00a0<a href=\"https:\/\/www.bj.admin.ch\/bj\/fr\/home\/gesellschaft\/fszm\/solidaritaetsbeitrag.html\" target=\"_blank\" rel=\"noopener\">Cliquez ici<\/a><\/p>\n<p><span style=\"font-weight: 400;\">En marge de cette analyse, qui a permis d\u2019adopter un regard ext\u00e9rieur scientifique, les personnes concern\u00e9es ont elles-m\u00eames initi\u00e9 des projets d\u2019entraide. L\u2019un d\u2019eux est le Bistrot d\u2019\u00e9change, un projet d\u2019information et d\u2019\u00e9change, ax\u00e9 sur l\u2019histoire des personnes concern\u00e9es.<\/span><\/p>\n<\/div><\/div><\/div><\/div><\/div><div class=\"fusion-fullwidth fullwidth-box fusion-builder-row-2 fusion-flex-container nonhundred-percent-fullwidth non-hundred-percent-height-scrolling\" style=\"--awb-border-radius-top-left:0px;--awb-border-radius-top-right:0px;--awb-border-radius-bottom-right:0px;--awb-border-radius-bottom-left:0px;--awb-padding-top:70px;--awb-padding-bottom:50px;--awb-background-color:#f5f5f5;--awb-flex-wrap:wrap;\" ><div class=\"fusion-builder-row fusion-row fusion-flex-align-items-flex-start fusion-flex-content-wrap\" style=\"max-width:1248px;margin-left: calc(-4% \/ 2 );margin-right: calc(-4% \/ 2 );\"><div class=\"fusion-layout-column fusion_builder_column fusion-builder-column-1 fusion_builder_column_1_1 1_1 fusion-flex-column\" style=\"--awb-bg-size:cover;--awb-width-large:100%;--awb-margin-top-large:0px;--awb-spacing-right-large:1.92%;--awb-margin-bottom-large:20px;--awb-spacing-left-large:1.92%;--awb-width-medium:100%;--awb-order-medium:0;--awb-spacing-right-medium:1.92%;--awb-spacing-left-medium:1.92%;--awb-width-small:100%;--awb-order-small:0;--awb-spacing-right-small:1.92%;--awb-spacing-left-small:1.92%;\"><div class=\"fusion-column-wrapper fusion-column-has-shadow fusion-flex-justify-content-flex-start fusion-content-layout-column\"><div class=\"fusion-title title fusion-title-2 fusion-sep-none fusion-title-text fusion-title-size-two\"><h2 class=\"fusion-title-heading title-heading-left\" style=\"margin:0;\">Les mesures de coercition \u00e0 des fins d\u2019assistance : un chapitre sombre de l\u2019histoire suisse<\/h2><\/div><div class=\"fusion-separator\" style=\"align-self: flex-start;margin-right:auto;margin-top:0px;margin-bottom:40px;width:100%;max-width:200px;\"><div class=\"fusion-separator-border sep-single sep-solid\" style=\"--awb-height:20px;--awb-amount:20px;--awb-sep-color:#e95160;border-color:#e95160;border-top-width:3px;\"><\/div><\/div><div class=\"fusion-text fusion-text-2\" style=\"--awb-text-transform:none;\"><p><span style=\"font-weight: 400;\">Jusque dans les ann\u00e9es 1980, la pratique dite des mesures de coercition \u00e0 des fins d\u2019assistance a caus\u00e9 d\u2019immenses souffrances aux victimes. En raison de ce chapitre sombre de l\u2019histoire suisse, des enfants plac\u00e9s aupr\u00e8s de tiers et dans des foyers ont souffert d\u2019une tr\u00e8s grave injustice, de mauvais traitements et d\u2019abus. Des milliers de personnes ont fait l\u2019objet d\u2019un placement administratif sans d\u00e9cision judiciaire. Des femmes ont \u00e9t\u00e9 st\u00e9rilis\u00e9es de force ou contraintes \u00e0 avorter. Des enfants ont \u00e9t\u00e9 donn\u00e9s en adoption ou plac\u00e9s dans des orphelinats contre la volont\u00e9 de leurs m\u00e8res. Ce sont surtout des personnes qui ne correspondaient pas aux anciennes valeurs sociales et morales &#8211; pauvres ou marginales &#8211; qui ont \u00e9t\u00e9 victimes de mesures de coercition \u00e0 des fins d\u2019assistance et de placements extrafamiliaux.<\/span><\/p>\n<\/div><\/div><\/div><\/div><\/div><div class=\"fusion-fullwidth fullwidth-box fusion-builder-row-3 fusion-flex-container nonhundred-percent-fullwidth non-hundred-percent-height-scrolling\" style=\"--awb-border-radius-top-left:0px;--awb-border-radius-top-right:0px;--awb-border-radius-bottom-right:0px;--awb-border-radius-bottom-left:0px;--awb-padding-top:70px;--awb-flex-wrap:wrap;\" ><div class=\"fusion-builder-row fusion-row fusion-flex-align-items-stretch fusion-flex-content-wrap\" style=\"max-width:calc( 1200px + 20px );margin-left: calc(-20px \/ 2 );margin-right: calc(-20px \/ 2 );\"><div class=\"fusion-layout-column fusion_builder_column fusion-builder-column-2 fusion_builder_column_1_1 1_1 fusion-flex-column\" style=\"--awb-bg-size:cover;--awb-width-large:100%;--awb-margin-top-large:0px;--awb-spacing-right-large:10px;--awb-margin-bottom-large:20px;--awb-spacing-left-large:10px;--awb-width-medium:100%;--awb-order-medium:0;--awb-spacing-right-medium:10px;--awb-spacing-left-medium:10px;--awb-width-small:100%;--awb-order-small:0;--awb-spacing-right-small:10px;--awb-spacing-left-small:10px;\"><div class=\"fusion-column-wrapper fusion-column-has-shadow fusion-flex-justify-content-flex-start fusion-content-layout-column\"><div class=\"fusion-title title fusion-title-3 fusion-sep-none fusion-title-text fusion-title-size-two\"><h2 class=\"fusion-title-heading title-heading-left\" style=\"margin:0;\">Groupes concern\u00e9s<\/h2><\/div><div class=\"fusion-separator\" style=\"align-self: flex-start;margin-right:auto;margin-top:0px;margin-bottom:40px;width:100%;max-width:200px;\"><div class=\"fusion-separator-border sep-single sep-solid\" style=\"--awb-height:20px;--awb-amount:20px;--awb-sep-color:#e95160;border-color:#e95160;border-top-width:3px;\"><\/div><\/div><\/div><\/div><div class=\"fusion-layout-column fusion_builder_column fusion-builder-column-3 fusion_builder_column_1_4 1_4 fusion-flex-column opfergruppen fusion-column-inner-bg-wrapper fusion-column-liftup-border\" style=\"--awb-padding-top:20px;--awb-padding-right:20px;--awb-padding-left:20px;--awb-inner-bg-position:center center;--awb-inner-bg-size:cover;--awb-width-large:25%;--awb-margin-top-large:0px;--awb-spacing-right-large:10px;--awb-margin-bottom-large:20px;--awb-spacing-left-large:10px;--awb-width-medium:50%;--awb-order-medium:0;--awb-spacing-right-medium:10px;--awb-spacing-left-medium:10px;--awb-width-small:100%;--awb-order-small:0;--awb-spacing-right-small:10px;--awb-spacing-left-small:10px;\"><span class=\"fusion-column-inner-bg hover-type-liftup\"><a class=\"fusion-column-anchor\" href=\"https:\/\/erzaehlbistro.ch\/fr\/hintergrund\/fahrende\/\"><span class=\"fusion-column-inner-bg-image lazyload\" data-bg=\"https:\/\/erzaehlbistro.ch\/wp-content\/uploads\/2021\/10\/history-7-1024x207-1.jpeg\"><\/span><\/a><\/span><div class=\"fusion-column-wrapper fusion-flex-justify-content-flex-end fusion-content-layout-column fusion-column-has-bg-image\" data-bg-url=\"https:\/\/erzaehlbistro.ch\/wp-content\/uploads\/2021\/10\/history-7-1024x207-1.jpeg\"><div class=\"fusion-text fusion-text-3\" style=\"--awb-text-transform:none;--awb-text-color:#ffffff;\"><p>Gens du voyage<\/p>\n<\/div><\/div><\/div><div class=\"fusion-layout-column fusion_builder_column fusion-builder-column-4 fusion_builder_column_1_4 1_4 fusion-flex-column opfergruppen fusion-column-inner-bg-wrapper fusion-column-liftup-border\" style=\"--awb-padding-top:20px;--awb-padding-right:20px;--awb-padding-left:20px;--awb-inner-bg-position:center center;--awb-inner-bg-size:cover;--awb-width-large:25%;--awb-margin-top-large:0px;--awb-spacing-right-large:10px;--awb-margin-bottom-large:20px;--awb-spacing-left-large:10px;--awb-width-medium:50%;--awb-order-medium:0;--awb-spacing-right-medium:10px;--awb-spacing-left-medium:10px;--awb-width-small:100%;--awb-order-small:0;--awb-spacing-right-small:10px;--awb-spacing-left-small:10px;\"><span class=\"fusion-column-inner-bg hover-type-liftup\"><a class=\"fusion-column-anchor\" href=\"https:\/\/erzaehlbistro.ch\/fr\/hintergrund\/opfer-von-zwangssterilisierungen-zwangskastrationen-und-zwangsabtreibungen\/\"><span class=\"fusion-column-inner-bg-image lazyload\" data-bg=\"https:\/\/erzaehlbistro.ch\/wp-content\/uploads\/2021\/10\/history-6-1024x207-1.jpeg\"><\/span><\/a><\/span><div class=\"fusion-column-wrapper fusion-flex-justify-content-flex-end fusion-content-layout-column fusion-column-has-bg-image\" data-bg-url=\"https:\/\/erzaehlbistro.ch\/wp-content\/uploads\/2021\/10\/history-6-1024x207-1.jpeg\"><div class=\"fusion-text fusion-text-4\" style=\"--awb-text-transform:none;--awb-text-color:#ffffff;\"><p>Victimes de st\u00e9rilisations, de castrations et d\u2019avortements forc\u00e9s<\/p>\n<\/div><\/div><\/div><div class=\"fusion-layout-column fusion_builder_column fusion-builder-column-5 fusion_builder_column_1_4 1_4 fusion-flex-column opfergruppen fusion-column-inner-bg-wrapper fusion-column-liftup-border\" style=\"--awb-padding-top:20px;--awb-padding-right:20px;--awb-padding-left:20px;--awb-inner-bg-position:center center;--awb-inner-bg-size:cover;--awb-width-large:25%;--awb-margin-top-large:0px;--awb-spacing-right-large:10px;--awb-margin-bottom-large:20px;--awb-spacing-left-large:10px;--awb-width-medium:50%;--awb-order-medium:0;--awb-spacing-right-medium:10px;--awb-spacing-left-medium:10px;--awb-width-small:100%;--awb-order-small:0;--awb-spacing-right-small:10px;--awb-spacing-left-small:10px;\"><span class=\"fusion-column-inner-bg hover-type-liftup\"><a class=\"fusion-column-anchor\" href=\"https:\/\/erzaehlbistro.ch\/fr\/hintergrund\/heimkinder\/\"><span class=\"fusion-column-inner-bg-image lazyload\" data-bg=\"https:\/\/erzaehlbistro.ch\/wp-content\/uploads\/2021\/10\/history-bg-1024x272-1.jpeg\"><\/span><\/a><\/span><div class=\"fusion-column-wrapper fusion-flex-justify-content-flex-end fusion-content-layout-column fusion-column-has-bg-image\" data-bg-url=\"https:\/\/erzaehlbistro.ch\/wp-content\/uploads\/2021\/10\/history-bg-1024x272-1.jpeg\"><div class=\"fusion-text fusion-text-5\" style=\"--awb-text-transform:none;--awb-text-color:#ffffff;\"><p>Enfants plac\u00e9s dans des foyers<\/p>\n<\/div><\/div><\/div><div class=\"fusion-layout-column fusion_builder_column fusion-builder-column-6 fusion_builder_column_1_4 1_4 fusion-flex-column opfergruppen fusion-column-inner-bg-wrapper fusion-column-liftup-border\" style=\"--awb-padding-top:20px;--awb-padding-right:20px;--awb-padding-left:20px;--awb-inner-bg-position:center center;--awb-inner-bg-size:cover;--awb-width-large:25%;--awb-margin-top-large:0px;--awb-spacing-right-large:10px;--awb-margin-bottom-large:20px;--awb-spacing-left-large:10px;--awb-width-medium:50%;--awb-order-medium:0;--awb-spacing-right-medium:10px;--awb-spacing-left-medium:10px;--awb-width-small:100%;--awb-order-small:0;--awb-spacing-right-small:10px;--awb-spacing-left-small:10px;\"><span class=\"fusion-column-inner-bg hover-type-liftup\"><a class=\"fusion-column-anchor\" href=\"https:\/\/erzaehlbistro.ch\/fr\/hintergrund\/opfer-von-medikamentenversuchen\/\"><span class=\"fusion-column-inner-bg-image lazyload\" data-bg=\"https:\/\/erzaehlbistro.ch\/wp-content\/uploads\/2021\/10\/history-5-1024x207-1.jpeg\"><\/span><\/a><\/span><div class=\"fusion-column-wrapper fusion-flex-justify-content-flex-end fusion-content-layout-column fusion-column-has-bg-image\" data-bg-url=\"https:\/\/erzaehlbistro.ch\/wp-content\/uploads\/2021\/10\/history-5-1024x207-1.jpeg\"><div class=\"fusion-text fusion-text-6\" style=\"--awb-text-transform:none;--awb-text-color:#ffffff;\"><p>Victimes d\u2019essais m\u00e9dicamenteux<\/p>\n<\/div><\/div><\/div><div class=\"fusion-layout-column fusion_builder_column fusion-builder-column-7 fusion_builder_column_1_4 1_4 fusion-flex-column opfergruppen fusion-column-inner-bg-wrapper fusion-column-liftup-border\" style=\"--awb-padding-top:20px;--awb-padding-right:20px;--awb-padding-left:20px;--awb-inner-bg-position:center center;--awb-inner-bg-size:cover;--awb-width-large:25%;--awb-margin-top-large:0px;--awb-spacing-right-large:10px;--awb-margin-bottom-large:20px;--awb-spacing-left-large:10px;--awb-width-medium:50%;--awb-order-medium:0;--awb-spacing-right-medium:10px;--awb-spacing-left-medium:10px;--awb-width-small:100%;--awb-order-small:0;--awb-spacing-right-small:10px;--awb-spacing-left-small:10px;\"><span class=\"fusion-column-inner-bg hover-type-liftup\"><a class=\"fusion-column-anchor\" href=\"https:\/\/erzaehlbistro.ch\/fr\/hintergrund\/opfer-von-zwangsadoptionen\/\"><span class=\"fusion-column-inner-bg-image lazyload\" data-bg=\"https:\/\/erzaehlbistro.ch\/wp-content\/uploads\/2021\/10\/history-3-1024x207-1.jpeg\"><\/span><\/a><\/span><div class=\"fusion-column-wrapper fusion-flex-justify-content-flex-end fusion-content-layout-column fusion-column-has-bg-image\" data-bg-url=\"https:\/\/erzaehlbistro.ch\/wp-content\/uploads\/2021\/10\/history-3-1024x207-1.jpeg\"><div class=\"fusion-text fusion-text-7\" style=\"--awb-text-transform:none;--awb-text-color:#ffffff;\"><p>Victimes d\u2019adoptions forc\u00e9es<\/p>\n<\/div><\/div><\/div><div class=\"fusion-layout-column fusion_builder_column fusion-builder-column-8 fusion_builder_column_1_4 1_4 fusion-flex-column opfergruppen fusion-column-inner-bg-wrapper fusion-column-liftup-border\" style=\"--awb-padding-top:20px;--awb-padding-right:20px;--awb-padding-left:20px;--awb-inner-bg-position:center center;--awb-inner-bg-size:cover;--awb-width-large:25%;--awb-margin-top-large:0px;--awb-spacing-right-large:10px;--awb-margin-bottom-large:20px;--awb-spacing-left-large:10px;--awb-width-medium:50%;--awb-order-medium:0;--awb-spacing-right-medium:10px;--awb-spacing-left-medium:10px;--awb-width-small:100%;--awb-order-small:0;--awb-spacing-right-small:10px;--awb-spacing-left-small:10px;\"><span class=\"fusion-column-inner-bg hover-type-liftup\"><a class=\"fusion-column-anchor\" href=\"https:\/\/erzaehlbistro.ch\/fr\/hintergrund\/opfer-von-administrativrechtlichen-versorgungen\/\"><span class=\"fusion-column-inner-bg-image lazyload\" data-bg=\"https:\/\/erzaehlbistro.ch\/wp-content\/uploads\/2021\/10\/history-4-1024x207-1.jpeg\"><\/span><\/a><\/span><div class=\"fusion-column-wrapper fusion-flex-justify-content-flex-end fusion-content-layout-column fusion-column-has-bg-image\" data-bg-url=\"https:\/\/erzaehlbistro.ch\/wp-content\/uploads\/2021\/10\/history-4-1024x207-1.jpeg\"><div class=\"fusion-text fusion-text-8\" style=\"--awb-text-transform:none;--awb-text-color:#ffffff;\"><p>Victimes de placements juridico-administratifs<\/p>\n<\/div><\/div><\/div><div class=\"fusion-layout-column fusion_builder_column fusion-builder-column-9 fusion_builder_column_1_4 1_4 fusion-flex-column opfergruppen fusion-column-inner-bg-wrapper fusion-column-liftup-border\" style=\"--awb-padding-top:20px;--awb-padding-right:20px;--awb-padding-left:20px;--awb-inner-bg-position:center center;--awb-inner-bg-size:cover;--awb-width-large:25%;--awb-margin-top-large:0px;--awb-spacing-right-large:10px;--awb-margin-bottom-large:20px;--awb-spacing-left-large:10px;--awb-width-medium:50%;--awb-order-medium:0;--awb-spacing-right-medium:10px;--awb-spacing-left-medium:10px;--awb-width-small:100%;--awb-order-small:0;--awb-spacing-right-small:10px;--awb-spacing-left-small:10px;\"><span class=\"fusion-column-inner-bg hover-type-liftup\"><a class=\"fusion-column-anchor\" href=\"https:\/\/erzaehlbistro.ch\/fr\/hintergrund\/verdingkinder\/\"><span class=\"fusion-column-inner-bg-image lazyload\" data-bg=\"https:\/\/erzaehlbistro.ch\/wp-content\/uploads\/2021\/10\/history-2-1024x207-1.jpeg\"><\/span><\/a><\/span><div class=\"fusion-column-wrapper fusion-flex-justify-content-flex-end fusion-content-layout-column fusion-column-has-bg-image\" data-bg-url=\"https:\/\/erzaehlbistro.ch\/wp-content\/uploads\/2021\/10\/history-2-1024x207-1.jpeg\"><div class=\"fusion-text fusion-text-9\" style=\"--awb-text-transform:none;--awb-text-color:#ffffff;\"><p>Enfants plac\u00e9s<\/p>\n<\/div><\/div><\/div><\/div><\/div><\/p>\n","protected":false},"excerpt":{"rendered":"","protected":false},"author":4,"featured_media":0,"parent":0,"menu_order":0,"comment_status":"closed","ping_status":"closed","template":"100-width.php","meta":{"_price":"","_stock":"","_tribe_ticket_header":"","_tribe_default_ticket_provider":"","_tribe_ticket_capacity":"0","_ticket_start_date":"","_ticket_end_date":"","_tribe_ticket_show_description":"","_tribe_ticket_show_not_going":false,"_tribe_ticket_use_global_stock":"","_tribe_ticket_global_stock_level":"","_global_stock_mode":"","_global_stock_cap":"","_tribe_rsvp_for_event":"","_tribe_ticket_going_count":"","_tribe_ticket_not_going_count":"","_tribe_tickets_list":"[]","_tribe_ticket_has_attendee_info_fields":false,"footnotes":""},"yoast_head":"<!-- This site is optimized with the Yoast SEO plugin v24.4 - https:\/\/yoast.com\/wordpress\/plugins\/seo\/ -->\n<title>Contexte | Erz\u00e4hlbistro<\/title>\n<meta name=\"robots\" content=\"index, follow, max-snippet:-1, max-image-preview:large, max-video-preview:-1\" \/>\n<link rel=\"canonical\" href=\"https:\/\/erzaehlbistro.ch\/fr\/contexte\/\" \/>\n<meta property=\"og:locale\" content=\"fr_FR\" \/>\n<meta property=\"og:type\" content=\"article\" \/>\n<meta property=\"og:title\" content=\"Contexte | Erz\u00e4hlbistro\" \/>\n<meta property=\"og:url\" content=\"https:\/\/erzaehlbistro.ch\/fr\/contexte\/\" \/>\n<meta property=\"og:site_name\" content=\"Erz\u00e4hlbistro\" \/>\n<meta property=\"article:modified_time\" content=\"2024-04-12T08:37:25+00:00\" \/>\n<meta name=\"twitter:card\" content=\"summary_large_image\" \/>\n<meta name=\"twitter:label1\" content=\"Dur\u00e9e de lecture estim\u00e9e\" \/>\n\t<meta name=\"twitter:data1\" content=\"12 minutes\" \/>\n<script type=\"application\/ld+json\" class=\"yoast-schema-graph\">{\"@context\":\"https:\/\/schema.org\",\"@graph\":[{\"@type\":\"WebPage\",\"@id\":\"https:\/\/erzaehlbistro.ch\/fr\/contexte\/\",\"url\":\"https:\/\/erzaehlbistro.ch\/fr\/contexte\/\",\"name\":\"Contexte | Erz\u00e4hlbistro\",\"isPartOf\":{\"@id\":\"https:\/\/erzaehlbistro.ch\/fr\/#website\"},\"datePublished\":\"2021-11-20T04:05:28+00:00\",\"dateModified\":\"2024-04-12T08:37:25+00:00\",\"breadcrumb\":{\"@id\":\"https:\/\/erzaehlbistro.ch\/fr\/contexte\/#breadcrumb\"},\"inLanguage\":\"fr-FR\",\"potentialAction\":[{\"@type\":\"ReadAction\",\"target\":[\"https:\/\/erzaehlbistro.ch\/fr\/contexte\/\"]}]},{\"@type\":\"BreadcrumbList\",\"@id\":\"https:\/\/erzaehlbistro.ch\/fr\/contexte\/#breadcrumb\",\"itemListElement\":[{\"@type\":\"ListItem\",\"position\":1,\"name\":\"Home\",\"item\":\"https:\/\/erzaehlbistro.ch\/fr\/\"},{\"@type\":\"ListItem\",\"position\":2,\"name\":\"Contexte\"}]},{\"@type\":\"WebSite\",\"@id\":\"https:\/\/erzaehlbistro.ch\/fr\/#website\",\"url\":\"https:\/\/erzaehlbistro.ch\/fr\/\",\"name\":\"Erz\u00e4hlbistro\",\"description\":\"Ein Begegnungsort f\u00fcr die Betroffenen f\u00fcrsorgerischer Zwangsmassnahmen\",\"publisher\":{\"@id\":\"https:\/\/erzaehlbistro.ch\/fr\/#organization\"},\"potentialAction\":[{\"@type\":\"SearchAction\",\"target\":{\"@type\":\"EntryPoint\",\"urlTemplate\":\"https:\/\/erzaehlbistro.ch\/fr\/?s={search_term_string}\"},\"query-input\":{\"@type\":\"PropertyValueSpecification\",\"valueRequired\":true,\"valueName\":\"search_term_string\"}}],\"inLanguage\":\"fr-FR\"},{\"@type\":\"Organization\",\"@id\":\"https:\/\/erzaehlbistro.ch\/fr\/#organization\",\"name\":\"Erz\u00e4hlbistro\",\"url\":\"https:\/\/erzaehlbistro.ch\/fr\/\",\"logo\":{\"@type\":\"ImageObject\",\"inLanguage\":\"fr-FR\",\"@id\":\"https:\/\/erzaehlbistro.ch\/fr\/#\/schema\/logo\/image\/\",\"url\":\"https:\/\/erzaehlbistro.ch\/wp-content\/uploads\/2021\/10\/logo-retina.png\",\"contentUrl\":\"https:\/\/erzaehlbistro.ch\/wp-content\/uploads\/2021\/10\/logo-retina.png\",\"width\":468,\"height\":120,\"caption\":\"Erz\u00e4hlbistro\"},\"image\":{\"@id\":\"https:\/\/erzaehlbistro.ch\/fr\/#\/schema\/logo\/image\/\"}}]}<\/script>\n<!-- \/ Yoast SEO plugin. -->","yoast_head_json":{"title":"Contexte | Erz\u00e4hlbistro","robots":{"index":"index","follow":"follow","max-snippet":"max-snippet:-1","max-image-preview":"max-image-preview:large","max-video-preview":"max-video-preview:-1"},"canonical":"https:\/\/erzaehlbistro.ch\/fr\/contexte\/","og_locale":"fr_FR","og_type":"article","og_title":"Contexte | Erz\u00e4hlbistro","og_url":"https:\/\/erzaehlbistro.ch\/fr\/contexte\/","og_site_name":"Erz\u00e4hlbistro","article_modified_time":"2024-04-12T08:37:25+00:00","twitter_card":"summary_large_image","twitter_misc":{"Dur\u00e9e de lecture estim\u00e9e":"12 minutes"},"schema":{"@context":"https:\/\/schema.org","@graph":[{"@type":"WebPage","@id":"https:\/\/erzaehlbistro.ch\/fr\/contexte\/","url":"https:\/\/erzaehlbistro.ch\/fr\/contexte\/","name":"Contexte | Erz\u00e4hlbistro","isPartOf":{"@id":"https:\/\/erzaehlbistro.ch\/fr\/#website"},"datePublished":"2021-11-20T04:05:28+00:00","dateModified":"2024-04-12T08:37:25+00:00","breadcrumb":{"@id":"https:\/\/erzaehlbistro.ch\/fr\/contexte\/#breadcrumb"},"inLanguage":"fr-FR","potentialAction":[{"@type":"ReadAction","target":["https:\/\/erzaehlbistro.ch\/fr\/contexte\/"]}]},{"@type":"BreadcrumbList","@id":"https:\/\/erzaehlbistro.ch\/fr\/contexte\/#breadcrumb","itemListElement":[{"@type":"ListItem","position":1,"name":"Home","item":"https:\/\/erzaehlbistro.ch\/fr\/"},{"@type":"ListItem","position":2,"name":"Contexte"}]},{"@type":"WebSite","@id":"https:\/\/erzaehlbistro.ch\/fr\/#website","url":"https:\/\/erzaehlbistro.ch\/fr\/","name":"Erz\u00e4hlbistro","description":"Ein Begegnungsort f\u00fcr die Betroffenen f\u00fcrsorgerischer Zwangsmassnahmen","publisher":{"@id":"https:\/\/erzaehlbistro.ch\/fr\/#organization"},"potentialAction":[{"@type":"SearchAction","target":{"@type":"EntryPoint","urlTemplate":"https:\/\/erzaehlbistro.ch\/fr\/?s={search_term_string}"},"query-input":{"@type":"PropertyValueSpecification","valueRequired":true,"valueName":"search_term_string"}}],"inLanguage":"fr-FR"},{"@type":"Organization","@id":"https:\/\/erzaehlbistro.ch\/fr\/#organization","name":"Erz\u00e4hlbistro","url":"https:\/\/erzaehlbistro.ch\/fr\/","logo":{"@type":"ImageObject","inLanguage":"fr-FR","@id":"https:\/\/erzaehlbistro.ch\/fr\/#\/schema\/logo\/image\/","url":"https:\/\/erzaehlbistro.ch\/wp-content\/uploads\/2021\/10\/logo-retina.png","contentUrl":"https:\/\/erzaehlbistro.ch\/wp-content\/uploads\/2021\/10\/logo-retina.png","width":468,"height":120,"caption":"Erz\u00e4hlbistro"},"image":{"@id":"https:\/\/erzaehlbistro.ch\/fr\/#\/schema\/logo\/image\/"}}]}},"_links":{"self":[{"href":"https:\/\/erzaehlbistro.ch\/fr\/wp-json\/wp\/v2\/pages\/3802"}],"collection":[{"href":"https:\/\/erzaehlbistro.ch\/fr\/wp-json\/wp\/v2\/pages"}],"about":[{"href":"https:\/\/erzaehlbistro.ch\/fr\/wp-json\/wp\/v2\/types\/page"}],"author":[{"embeddable":true,"href":"https:\/\/erzaehlbistro.ch\/fr\/wp-json\/wp\/v2\/users\/4"}],"replies":[{"embeddable":true,"href":"https:\/\/erzaehlbistro.ch\/fr\/wp-json\/wp\/v2\/comments?post=3802"}],"version-history":[{"count":4,"href":"https:\/\/erzaehlbistro.ch\/fr\/wp-json\/wp\/v2\/pages\/3802\/revisions"}],"predecessor-version":[{"id":5238,"href":"https:\/\/erzaehlbistro.ch\/fr\/wp-json\/wp\/v2\/pages\/3802\/revisions\/5238"}],"wp:attachment":[{"href":"https:\/\/erzaehlbistro.ch\/fr\/wp-json\/wp\/v2\/media?parent=3802"}],"curies":[{"name":"wp","href":"https:\/\/api.w.org\/{rel}","templated":true}]}}