{"id":3850,"date":"2021-11-20T05:45:22","date_gmt":"2021-11-20T04:45:22","guid":{"rendered":"https:\/\/erzaehlbistro.ch\/conditions-dutilisation\/"},"modified":"2021-11-20T05:45:23","modified_gmt":"2021-11-20T04:45:23","slug":"conditions-dutilisation","status":"publish","type":"page","link":"https:\/\/erzaehlbistro.ch\/fr\/conditions-dutilisation\/","title":{"rendered":"Conditions d&rsquo;utilisation"},"content":{"rendered":"<div class=\"fusion-fullwidth fullwidth-box fusion-builder-row-1 fusion-flex-container nonhundred-percent-fullwidth non-hundred-percent-height-scrolling\" style=\"--awb-border-radius-top-left:0px;--awb-border-radius-top-right:0px;--awb-border-radius-bottom-right:0px;--awb-border-radius-bottom-left:0px;--awb-flex-wrap:wrap;\" ><div class=\"fusion-builder-row fusion-row fusion-flex-align-items-flex-start fusion-flex-content-wrap\" style=\"max-width:1248px;margin-left: calc(-4% \/ 2 );margin-right: calc(-4% \/ 2 );\"><div class=\"fusion-layout-column fusion_builder_column fusion-builder-column-0 fusion_builder_column_1_1 1_1 fusion-flex-column\" style=\"--awb-bg-size:cover;--awb-width-large:100%;--awb-margin-top-large:0px;--awb-spacing-right-large:1.92%;--awb-margin-bottom-large:20px;--awb-spacing-left-large:1.92%;--awb-width-medium:100%;--awb-order-medium:0;--awb-spacing-right-medium:1.92%;--awb-spacing-left-medium:1.92%;--awb-width-small:100%;--awb-order-small:0;--awb-spacing-right-small:1.92%;--awb-spacing-left-small:1.92%;\"><div class=\"fusion-column-wrapper fusion-column-has-shadow fusion-flex-justify-content-flex-start fusion-content-layout-column\"><div class=\"fusion-text fusion-text-1\" style=\"--awb-text-transform:none;\"><p class=\"p1\"><span class=\"s1\"><b>Objectif et contenu du site web<\/b><\/span><\/p>\n<p class=\"p3\"><span class=\"s1\">Ce site web fournit des informations sur le projet d&rsquo;information et d&rsquo;\u00e9change \u00ab\u00a0Erz\u00e4hlbistro\u00a0\u00bb, sur le contexte historique du projet et publie des articles sp\u00e9cialis\u00e9s et des \u00e9v\u00e9nements actuels sur les th\u00e8mes du \u00ab\u00a0Erz\u00e4hlbistro\u00a0\u00bb. Elle permet de s&rsquo;inscrire \u00e0 une newsletter ainsi que de s&rsquo;inscrire directement aux \u00e9v\u00e9nements (co)organis\u00e9s par le Bistrot d\u2019\u00e9change. <\/span><\/p>\n<p class=\"p3\"><span class=\"s1\"><b>Non-obligation<\/b><\/span><\/p>\n<p class=\"p3\"><span class=\"s1\">Bien que le Bistrot d\u2019\u00e9change s&rsquo;efforce en permanence de mettre \u00e0 disposition des informations correctes et actuelles sur le site web, aucune garantie n&rsquo;est donn\u00e9e quant au contenu. Tous les informations indiqu\u00e9es sur le site du Bistrot d\u2019\u00e9change sont donn\u00e9es \u00e0 titre indicatif, et sont susceptibles d&rsquo;\u00e9voluer. Les informations publi\u00e9es peuvent \u00eatre modifi\u00e9es, supprim\u00e9es ou leur publication peut \u00eatre suspendue temporairement ou d\u00e9finitivement \u00e0 tout moment et sans pr\u00e9avis. Bistrot d\u2019\u00e9change n&rsquo;assume aucune garantie (ni explicite ni implicite) quant \u00e0 l&rsquo;exactitude, l&rsquo;exhaustivit\u00e9 et l&rsquo;actualit\u00e9 des informations mises \u00e0 disposition sur le site. En particulier, Bistrot d\u2019\u00e9change n&rsquo;est pas tenu de retirer du site web les informations qui ne sont plus actuelles ou de les d\u00e9signer express\u00e9ment comme telles.<\/span><span class=\"s2\">.<\/span><\/p>\n<p class=\"p3\"><span class=\"s1\"><b>Limitations de responsabilit\u00e9<\/b><\/span><\/p>\n<p class=\"p3\"><span class=\"s1\">L&rsquo;utilisation des contenus et des informations mis \u00e0 disposition sur le site Bistrot d\u2019\u00e9change se fait aux seuls risques des utilisateurs. Le Bistrot d\u2019\u00e9change exclut sans restriction toute responsabilit\u00e9 pour des pertes ou des dommages de quelque nature que ce soit &#8211; qu&rsquo;il s&rsquo;agisse de dommages directs, indirects ou cons\u00e9cutifs &#8211; qui pourraient r\u00e9sulter de l&rsquo;utilisation du site web du bistrot du conte ou de liens vers des sites web de tiers. En outre, Bistrot d\u2019\u00e9change d\u00e9cline toute responsabilit\u00e9 en cas de manipulation du syst\u00e8me informatique de l&rsquo;internaute par des personnes non autoris\u00e9es.<\/span><\/p>\n<p class=\"p3\"><span class=\"s1\"><b>Liens vers d&rsquo;autres sites web<\/b><\/span><\/p>\n<p class=\"p3\"><span class=\"s1\">Certains liens sur le site web de Bistrot d\u2019\u00e9change m\u00e8nent \u00e0 des sites web de tiers. Ces sites \u00e9chappent totalement \u00e0 l&rsquo;influence de Bistrot d\u2019\u00e9change, qui d\u00e9cline donc toute responsabilit\u00e9 quant \u00e0 l&rsquo;exactitude, l&rsquo;exhaustivit\u00e9 et la l\u00e9galit\u00e9 du contenu de ces sites et des \u00e9ventuelles offres qu&rsquo;ils contiennent. Le fournisseur du site est seul responsable des contenus ill\u00e9gaux, erron\u00e9s ou incomplets et en particulier des dommages r\u00e9sultant de l&rsquo;utilisation ou de la non-utilisation des liens.<\/span><\/p>\n<p class=\"p3\"><span class=\"s1\"><b>Droits d&rsquo;auteur<\/b><\/span><\/p>\n<p class=\"p3\"><span class=\"s1\">L&rsquo;ensemble du contenu du site web Bistrot d\u2019\u00e9change est prot\u00e9g\u00e9 par les droits d&rsquo;auteur. L&rsquo;utilisation commerciale du contenu par toute forme de reproduction, de diffusion et de modification est interdite sans l&rsquo;accord \u00e9crit pr\u00e9alable de Bistrot d\u2019\u00e9change. Tous les droits de propri\u00e9t\u00e9 restent la propri\u00e9t\u00e9 du Bistrot d\u2019\u00e9change.<\/span><span class=\"s3\"><i>o<\/i><\/span><span class=\"s1\">.<\/span><\/p>\n<p class=\"p3\"><span class=\"s1\"><b>Contenu des utilisateurs<\/b><\/span><\/p>\n<p class=\"p3\"><span class=\"s1\">Soyez conscient que tout contenu que vous publiez ou autorisez \u00e0 publier sur le site (par exemple, contribution \u00e0 un \u00e9v\u00e9nement, contribution \u00e0 un blog) sera vu par d&rsquo;autres utilisateurs. Bistrot d\u2019\u00e9change ne revendique aucun droit de propri\u00e9t\u00e9 sur les textes, images, fichiers, photos, vid\u00e9os, \u0153uvres d&rsquo;auteur ou tout autre mat\u00e9riel que vous publiez sur le site. Apr\u00e8s la publication de votre contenu utilisateur, vous conservez tous les droits de propri\u00e9t\u00e9.<\/span><\/p>\n<p class=\"p3\"><span class=\"s1\">Vous \u00eates seul responsable du contenu que vous publiez sur le site et vous ne devez pas publier, transmettre ou partager sur le site un contenu que vous n&rsquo;avez pas le droit de publier (droits d&rsquo;auteur, contenu interdit). Bistrot d\u2019\u00e9change se r\u00e9serve le droit de supprimer toute information ou donn\u00e9e fournie par toute personne ne respectant pas ces r\u00e8gles. <\/span><\/p>\n<\/div><\/div><\/div><\/div><\/div>\n","protected":false},"excerpt":{"rendered":"","protected":false},"author":4,"featured_media":0,"parent":0,"menu_order":0,"comment_status":"closed","ping_status":"closed","template":"","meta":{"_price":"","_stock":"","_tribe_ticket_header":"","_tribe_default_ticket_provider":"","_tribe_ticket_capacity":"0","_ticket_start_date":"","_ticket_end_date":"","_tribe_ticket_show_description":"","_tribe_ticket_show_not_going":false,"_tribe_ticket_use_global_stock":"","_tribe_ticket_global_stock_level":"","_global_stock_mode":"","_global_stock_cap":"","_tribe_rsvp_for_event":"","_tribe_ticket_going_count":"","_tribe_ticket_not_going_count":"","_tribe_tickets_list":"[]","_tribe_ticket_has_attendee_info_fields":false,"footnotes":""},"yoast_head":"<!-- This site is optimized with the Yoast SEO plugin v24.4 - https:\/\/yoast.com\/wordpress\/plugins\/seo\/ -->\n<title>Conditions d&#039;utilisation | Erz\u00e4hlbistro<\/title>\n<meta name=\"robots\" content=\"index, follow, max-snippet:-1, max-image-preview:large, max-video-preview:-1\" \/>\n<link rel=\"canonical\" href=\"https:\/\/erzaehlbistro.ch\/fr\/conditions-dutilisation\/\" \/>\n<meta property=\"og:locale\" content=\"fr_FR\" \/>\n<meta property=\"og:type\" content=\"article\" \/>\n<meta property=\"og:title\" content=\"Conditions d&#039;utilisation | Erz\u00e4hlbistro\" \/>\n<meta property=\"og:url\" content=\"https:\/\/erzaehlbistro.ch\/fr\/conditions-dutilisation\/\" \/>\n<meta property=\"og:site_name\" content=\"Erz\u00e4hlbistro\" \/>\n<meta property=\"article:modified_time\" content=\"2021-11-20T04:45:23+00:00\" \/>\n<meta name=\"twitter:card\" content=\"summary_large_image\" \/>\n<meta name=\"twitter:label1\" content=\"Dur\u00e9e de lecture estim\u00e9e\" \/>\n\t<meta name=\"twitter:data1\" content=\"6 minutes\" \/>\n<script type=\"application\/ld+json\" class=\"yoast-schema-graph\">{\"@context\":\"https:\/\/schema.org\",\"@graph\":[{\"@type\":\"WebPage\",\"@id\":\"https:\/\/erzaehlbistro.ch\/fr\/conditions-dutilisation\/\",\"url\":\"https:\/\/erzaehlbistro.ch\/fr\/conditions-dutilisation\/\",\"name\":\"Conditions d'utilisation | Erz\u00e4hlbistro\",\"isPartOf\":{\"@id\":\"https:\/\/erzaehlbistro.ch\/fr\/#website\"},\"datePublished\":\"2021-11-20T04:45:22+00:00\",\"dateModified\":\"2021-11-20T04:45:23+00:00\",\"breadcrumb\":{\"@id\":\"https:\/\/erzaehlbistro.ch\/fr\/conditions-dutilisation\/#breadcrumb\"},\"inLanguage\":\"fr-FR\",\"potentialAction\":[{\"@type\":\"ReadAction\",\"target\":[\"https:\/\/erzaehlbistro.ch\/fr\/conditions-dutilisation\/\"]}]},{\"@type\":\"BreadcrumbList\",\"@id\":\"https:\/\/erzaehlbistro.ch\/fr\/conditions-dutilisation\/#breadcrumb\",\"itemListElement\":[{\"@type\":\"ListItem\",\"position\":1,\"name\":\"Home\",\"item\":\"https:\/\/erzaehlbistro.ch\/fr\/\"},{\"@type\":\"ListItem\",\"position\":2,\"name\":\"Conditions d&#8217;utilisation\"}]},{\"@type\":\"WebSite\",\"@id\":\"https:\/\/erzaehlbistro.ch\/fr\/#website\",\"url\":\"https:\/\/erzaehlbistro.ch\/fr\/\",\"name\":\"Erz\u00e4hlbistro\",\"description\":\"Ein Begegnungsort f\u00fcr die Betroffenen f\u00fcrsorgerischer Zwangsmassnahmen\",\"publisher\":{\"@id\":\"https:\/\/erzaehlbistro.ch\/fr\/#organization\"},\"potentialAction\":[{\"@type\":\"SearchAction\",\"target\":{\"@type\":\"EntryPoint\",\"urlTemplate\":\"https:\/\/erzaehlbistro.ch\/fr\/?s={search_term_string}\"},\"query-input\":{\"@type\":\"PropertyValueSpecification\",\"valueRequired\":true,\"valueName\":\"search_term_string\"}}],\"inLanguage\":\"fr-FR\"},{\"@type\":\"Organization\",\"@id\":\"https:\/\/erzaehlbistro.ch\/fr\/#organization\",\"name\":\"Erz\u00e4hlbistro\",\"url\":\"https:\/\/erzaehlbistro.ch\/fr\/\",\"logo\":{\"@type\":\"ImageObject\",\"inLanguage\":\"fr-FR\",\"@id\":\"https:\/\/erzaehlbistro.ch\/fr\/#\/schema\/logo\/image\/\",\"url\":\"https:\/\/erzaehlbistro.ch\/wp-content\/uploads\/2021\/10\/logo-retina.png\",\"contentUrl\":\"https:\/\/erzaehlbistro.ch\/wp-content\/uploads\/2021\/10\/logo-retina.png\",\"width\":468,\"height\":120,\"caption\":\"Erz\u00e4hlbistro\"},\"image\":{\"@id\":\"https:\/\/erzaehlbistro.ch\/fr\/#\/schema\/logo\/image\/\"}}]}<\/script>\n<!-- \/ Yoast SEO plugin. -->","yoast_head_json":{"title":"Conditions d'utilisation | Erz\u00e4hlbistro","robots":{"index":"index","follow":"follow","max-snippet":"max-snippet:-1","max-image-preview":"max-image-preview:large","max-video-preview":"max-video-preview:-1"},"canonical":"https:\/\/erzaehlbistro.ch\/fr\/conditions-dutilisation\/","og_locale":"fr_FR","og_type":"article","og_title":"Conditions d'utilisation | Erz\u00e4hlbistro","og_url":"https:\/\/erzaehlbistro.ch\/fr\/conditions-dutilisation\/","og_site_name":"Erz\u00e4hlbistro","article_modified_time":"2021-11-20T04:45:23+00:00","twitter_card":"summary_large_image","twitter_misc":{"Dur\u00e9e de lecture estim\u00e9e":"6 minutes"},"schema":{"@context":"https:\/\/schema.org","@graph":[{"@type":"WebPage","@id":"https:\/\/erzaehlbistro.ch\/fr\/conditions-dutilisation\/","url":"https:\/\/erzaehlbistro.ch\/fr\/conditions-dutilisation\/","name":"Conditions d'utilisation | Erz\u00e4hlbistro","isPartOf":{"@id":"https:\/\/erzaehlbistro.ch\/fr\/#website"},"datePublished":"2021-11-20T04:45:22+00:00","dateModified":"2021-11-20T04:45:23+00:00","breadcrumb":{"@id":"https:\/\/erzaehlbistro.ch\/fr\/conditions-dutilisation\/#breadcrumb"},"inLanguage":"fr-FR","potentialAction":[{"@type":"ReadAction","target":["https:\/\/erzaehlbistro.ch\/fr\/conditions-dutilisation\/"]}]},{"@type":"BreadcrumbList","@id":"https:\/\/erzaehlbistro.ch\/fr\/conditions-dutilisation\/#breadcrumb","itemListElement":[{"@type":"ListItem","position":1,"name":"Home","item":"https:\/\/erzaehlbistro.ch\/fr\/"},{"@type":"ListItem","position":2,"name":"Conditions d&#8217;utilisation"}]},{"@type":"WebSite","@id":"https:\/\/erzaehlbistro.ch\/fr\/#website","url":"https:\/\/erzaehlbistro.ch\/fr\/","name":"Erz\u00e4hlbistro","description":"Ein Begegnungsort f\u00fcr die Betroffenen f\u00fcrsorgerischer Zwangsmassnahmen","publisher":{"@id":"https:\/\/erzaehlbistro.ch\/fr\/#organization"},"potentialAction":[{"@type":"SearchAction","target":{"@type":"EntryPoint","urlTemplate":"https:\/\/erzaehlbistro.ch\/fr\/?s={search_term_string}"},"query-input":{"@type":"PropertyValueSpecification","valueRequired":true,"valueName":"search_term_string"}}],"inLanguage":"fr-FR"},{"@type":"Organization","@id":"https:\/\/erzaehlbistro.ch\/fr\/#organization","name":"Erz\u00e4hlbistro","url":"https:\/\/erzaehlbistro.ch\/fr\/","logo":{"@type":"ImageObject","inLanguage":"fr-FR","@id":"https:\/\/erzaehlbistro.ch\/fr\/#\/schema\/logo\/image\/","url":"https:\/\/erzaehlbistro.ch\/wp-content\/uploads\/2021\/10\/logo-retina.png","contentUrl":"https:\/\/erzaehlbistro.ch\/wp-content\/uploads\/2021\/10\/logo-retina.png","width":468,"height":120,"caption":"Erz\u00e4hlbistro"},"image":{"@id":"https:\/\/erzaehlbistro.ch\/fr\/#\/schema\/logo\/image\/"}}]}},"_links":{"self":[{"href":"https:\/\/erzaehlbistro.ch\/fr\/wp-json\/wp\/v2\/pages\/3850"}],"collection":[{"href":"https:\/\/erzaehlbistro.ch\/fr\/wp-json\/wp\/v2\/pages"}],"about":[{"href":"https:\/\/erzaehlbistro.ch\/fr\/wp-json\/wp\/v2\/types\/page"}],"author":[{"embeddable":true,"href":"https:\/\/erzaehlbistro.ch\/fr\/wp-json\/wp\/v2\/users\/4"}],"replies":[{"embeddable":true,"href":"https:\/\/erzaehlbistro.ch\/fr\/wp-json\/wp\/v2\/comments?post=3850"}],"version-history":[{"count":0,"href":"https:\/\/erzaehlbistro.ch\/fr\/wp-json\/wp\/v2\/pages\/3850\/revisions"}],"wp:attachment":[{"href":"https:\/\/erzaehlbistro.ch\/fr\/wp-json\/wp\/v2\/media?parent=3850"}],"curies":[{"name":"wp","href":"https:\/\/api.w.org\/{rel}","templated":true}]}}