{"id":3856,"date":"2021-11-20T05:52:16","date_gmt":"2021-11-20T04:52:16","guid":{"rendered":"https:\/\/erzaehlbistro.ch\/recherche-de-traces\/"},"modified":"2021-11-22T09:40:25","modified_gmt":"2021-11-22T08:40:25","slug":"recherche-de-traces","status":"publish","type":"page","link":"https:\/\/erzaehlbistro.ch\/fr\/recherche-de-traces\/","title":{"rendered":"Recherche de traces"},"content":{"rendered":"<p><div class=\"fusion-fullwidth fullwidth-box fusion-builder-row-1 fusion-flex-container nonhundred-percent-fullwidth non-hundred-percent-height-scrolling\" style=\"--awb-border-radius-top-left:0px;--awb-border-radius-top-right:0px;--awb-border-radius-bottom-right:0px;--awb-border-radius-bottom-left:0px;--awb-flex-wrap:wrap;\" ><div class=\"fusion-builder-row fusion-row fusion-flex-align-items-flex-start fusion-flex-content-wrap\" style=\"max-width:1248px;margin-left: calc(-4% \/ 2 );margin-right: calc(-4% \/ 2 );\"><div class=\"fusion-layout-column fusion_builder_column fusion-builder-column-0 fusion_builder_column_1_1 1_1 fusion-flex-column\" style=\"--awb-bg-size:cover;--awb-width-large:100%;--awb-margin-top-large:0px;--awb-spacing-right-large:1.92%;--awb-margin-bottom-large:20px;--awb-spacing-left-large:1.92%;--awb-width-medium:100%;--awb-order-medium:0;--awb-spacing-right-medium:1.92%;--awb-spacing-left-medium:1.92%;--awb-width-small:100%;--awb-order-small:0;--awb-spacing-right-small:1.92%;--awb-margin-bottom-small:0;--awb-spacing-left-small:1.92%;\"><div class=\"fusion-column-wrapper fusion-column-has-shadow fusion-flex-justify-content-flex-start fusion-content-layout-column\"><div class=\"fusion-title title fusion-title-1 fusion-sep-none fusion-title-text fusion-title-size-two\"><h2 class=\"fusion-title-heading title-heading-left\" style=\"margin:0;\">Lors d\u2019un Bistrot d\u2032\u00e9change a\u0300 Saint-Gall, deux personnes qui avaient \u00e9t\u00e9 plac\u00e9es dans le m\u00eame foyer se sont rencontr\u00e9es par hasard.<\/h2><\/div><div class=\"fusion-separator\" style=\"align-self: flex-start;margin-right:auto;margin-top:0px;margin-bottom:40px;width:100%;max-width:200px;\"><div class=\"fusion-separator-border sep-single sep-solid\" style=\"--awb-height:20px;--awb-amount:20px;--awb-sep-color:#e95160;border-color:#e95160;border-top-width:3px;\"><\/div><\/div><div class=\"fusion-text fusion-text-1\" style=\"--awb-text-transform:none;\"><p>Nous vous aidons \u00e0 trouver des personnes concern\u00e9es par la m\u00eame \u00e9tape de vie. Lors d\u2019un Bistrot d\u2032\u00e9change a\u0300 Saint-Gall, deux personnes qui avaient \u00e9t\u00e9 plac\u00e9es dans le m\u00eame foyer se sont rencontr\u00e9es par hasard. Elles ont pass\u00e9\u0301 toute la journ\u00e9e a\u0300 se parler et ont gard\u00e9\u0301 le contact.<\/p>\n<p>Vous aussi, vous recherchez peut-\u00eatre des personnes qui ont v\u00e9cu dans le m\u00eame foyer que vous et a\u0300 qui vous voudriez parler. Nous voulons vous aider dans cette recherche.<\/p>\n<p>E\u0301crivez-nous un mail ou une lettre et faites-nous savoir dans quelle institution vous avez v\u00e9cu et a\u0300 quelle \u00e9poque. Si nous obtenons des informations similaires d\u2032une autre personne, nous vous mettrons en contact. Pour cela, veuillez nous donner votre num\u00e9ro de t\u00e9l\u00e9phone et votre adresse exacte.<\/p>\n<p>Alors \u00e9crivez-nous!<\/p>\n<\/div><ul style=\"--awb-size:16px;--awb-iconcolor:#1a2631;--awb-line-height:27.2px;--awb-icon-width:27.2px;--awb-icon-height:27.2px;--awb-icon-margin:11.2px;--awb-content-margin:38.4px;\" class=\"fusion-checklist fusion-checklist-1 fusion-checklist-default fusion-checklist-divider type-icons\"><li class=\"fusion-li-item\" style=\"\"><span class=\"icon-wrapper circle-no\"><i class=\"fusion-li-icon fa-envelope fas\" aria-hidden=\"true\"><\/i><\/span><div class=\"fusion-li-item-content\">\n<p><strong>Envoyez-nous un courriel a\u0300:<\/strong> <a href=\"mailto:info@erzaehlbistro.ch\">info@erzaehlbistro.ch<\/a><\/p>\n<\/div><\/li><li class=\"fusion-li-item\" style=\"\"><span class=\"icon-wrapper circle-no\"><i class=\"fusion-li-icon fa-mail-bulk fas\" aria-hidden=\"true\"><\/i><\/span><div class=\"fusion-li-item-content\">\n<p><strong>ou une lettre a\u0300:<\/strong> Erza\u0308hlbistro, c\/o Krauthammer &amp; Partner, Hotelgasse 10, 3011 Bern<\/p>\n<\/div><\/li><\/ul><\/div><\/div><\/div><\/div><div class=\"fusion-fullwidth fullwidth-box fusion-builder-row-2 fusion-flex-container nonhundred-percent-fullwidth non-hundred-percent-height-scrolling\" style=\"--awb-border-radius-top-left:0px;--awb-border-radius-top-right:0px;--awb-border-radius-bottom-right:0px;--awb-border-radius-bottom-left:0px;--awb-padding-top:50px;--awb-flex-wrap:wrap;\" ><div class=\"fusion-builder-row fusion-row fusion-flex-align-items-flex-start fusion-flex-content-wrap\" style=\"max-width:1248px;margin-left: calc(-4% \/ 2 );margin-right: calc(-4% \/ 2 );\"><div class=\"fusion-layout-column fusion_builder_column fusion-builder-column-1 fusion_builder_column_1_1 1_1 fusion-flex-column\" style=\"--awb-bg-size:cover;--awb-width-large:100%;--awb-margin-top-large:0px;--awb-spacing-right-large:1.92%;--awb-margin-bottom-large:20px;--awb-spacing-left-large:1.92%;--awb-width-medium:100%;--awb-order-medium:0;--awb-spacing-right-medium:1.92%;--awb-spacing-left-medium:1.92%;--awb-width-small:100%;--awb-order-small:0;--awb-spacing-right-small:1.92%;--awb-spacing-left-small:1.92%;\"><div class=\"fusion-column-wrapper fusion-column-has-shadow fusion-flex-justify-content-flex-start fusion-content-layout-column\"><div class=\"fusion-title title fusion-title-2 fusion-sep-none fusion-title-text fusion-title-size-two\"><h2 class=\"fusion-title-heading title-heading-left\" style=\"margin:0;\">Quelqu&rsquo;un cherche d\u00e9j\u00e0 ici<\/h2><\/div><div class=\"fusion-separator\" style=\"align-self: flex-start;margin-right:auto;margin-top:0px;margin-bottom:40px;width:100%;max-width:200px;\"><div class=\"fusion-separator-border sep-single sep-solid\" style=\"--awb-height:20px;--awb-amount:20px;--awb-sep-color:#e95160;border-color:#e95160;border-top-width:3px;\"><\/div><\/div><div class=\"fusion-text fusion-text-2\" style=\"--awb-text-transform:none;\"><p><span style=\"font-weight: 400;\">Si vous avez vous-m\u00eame \u00e9t\u00e9 plac\u00e9(e) dans l&rsquo;un de ces lieux ou si vous connaissez quelqu&rsquo;un de ce lieu, contactez-nous!<\/span><\/p>\n<\/div>\n<div class=\"table-1\">\n<table width=\"100%\" cellpadding=\"5\">\n<thead>\n<tr>\n<th align=\"left\"><strong>Du &#8211; Au<\/strong><\/th>\n<th align=\"left\"><strong>Nom de l&rsquo;\u00e9tablissement<\/strong><\/th>\n<th align=\"left\"><strong>Lieu<\/strong><\/th>\n<\/tr>\n<\/thead>\n<tbody>\n<tr>\n<td align=\"left\">1971 &#8211; 1972<\/td>\n<td align=\"left\">Kalchrain<\/td>\n<td align=\"left\">H\u00fcttwilen<\/td>\n<\/tr>\n<tr>\n<td align=\"left\">1969 &#8211; 1970<\/td>\n<td align=\"left\">Heilbronn<\/td>\n<td align=\"left\">Luthernbad<\/td>\n<\/tr>\n<tr>\n<td align=\"left\">1966 &#8211; 1968<\/td>\n<td align=\"left\">Guten Hirten<\/td>\n<td align=\"left\">Altst\u00e4tten<\/td>\n<\/tr>\n<tr>\n<td align=\"left\">1956 &#8211; 1961<\/td>\n<td align=\"left\">Aebi-Heim<\/td>\n<td align=\"left\">Br\u00fcttelen<\/td>\n<\/tr>\n<tr>\n<td align=\"left\">1962 &#8211; 1962<\/td>\n<td align=\"left\">Kinderheim<\/td>\n<td align=\"left\">Gais<\/td>\n<\/tr>\n<tr>\n<td align=\"left\">1966 &#8211; 1966<\/td>\n<td align=\"left\">Kinderheim<\/td>\n<td align=\"left\">Gais<\/td>\n<\/tr>\n<tr>\n<td align=\"left\">1967 &#8211; 1969<\/td>\n<td align=\"left\">Kinderheim<\/td>\n<td align=\"left\">Rivapiana<\/td>\n<\/tr>\n<tr>\n<td align=\"left\">1971 &#8211; 1972<\/td>\n<td align=\"left\">T\u00f6chterinstitut<\/td>\n<td align=\"left\">Steig<\/td>\n<\/tr>\n<tr>\n<td align=\"left\">1974 &#8211; 1976<\/td>\n<td align=\"left\">L\u00e4rchenheim<\/td>\n<td align=\"left\">Lutzenberg<\/td>\n<\/tr>\n<tr>\n<td align=\"left\">1955 &#8211; 1961<\/td>\n<td align=\"left\">Kinderheim<\/td>\n<td align=\"left\">Thun<\/td>\n<\/tr>\n<tr>\n<td align=\"left\">1958 &#8211; 1960<\/td>\n<td align=\"left\">St. Josef<\/td>\n<td align=\"left\">Hagedorn<\/td>\n<\/tr>\n<tr>\n<td align=\"left\">1960 &#8211; 1960<\/td>\n<td align=\"left\">Br\u00fcschhalde<\/td>\n<td align=\"left\">M\u00e4nnedorf<\/td>\n<\/tr>\n<tr>\n<td align=\"left\">1960 &#8211; 1963<\/td>\n<td align=\"left\">Kinderheim Myrijam<\/td>\n<td align=\"left\">Wollerau<\/td>\n<\/tr>\n<tr>\n<td align=\"left\">1958 &#8211; 1968<\/td>\n<td align=\"left\">Sunnschy<\/td>\n<td align=\"left\">Hegi<\/td>\n<\/tr>\n<tr>\n<td align=\"left\">1944 &#8211; 1947<\/td>\n<td align=\"left\">Kinderheim<\/td>\n<td align=\"left\">Sch\u00f6nenberg<\/td>\n<\/tr>\n<tr>\n<td align=\"left\">1947 &#8211; 1958<\/td>\n<td align=\"left\">Waisenhaus<\/td>\n<td align=\"left\">Richterswil<\/td>\n<\/tr>\n<tr>\n<td align=\"left\">1939 &#8211; 1953<\/td>\n<td align=\"left\">alten\/neuen Waisenhaus<\/td>\n<td align=\"left\">Winterthur<\/td>\n<\/tr>\n<tr>\n<td align=\"left\">1940 &#8211; 1945<\/td>\n<td align=\"left\">Friedheim<\/td>\n<td align=\"left\">Bubikon<\/td>\n<\/tr>\n<tr>\n<td align=\"left\">1946 &#8211; 1947<\/td>\n<td align=\"left\">Hochsteig<\/td>\n<td align=\"left\">Wattwil<\/td>\n<\/tr>\n<tr>\n<td align=\"left\">ab 1972<\/td>\n<td align=\"left\">Kinderheim Maison Blanche<\/td>\n<td align=\"left\">Leubringen<\/td>\n<\/tr>\n<tr>\n<td align=\"left\">ab 1972<\/td>\n<td align=\"left\">Rudolf Steiner Internat<\/td>\n<td align=\"left\">Chamby sur Montreux<\/td>\n<\/tr>\n<tr>\n<td align=\"left\">ab 1972<\/td>\n<td align=\"left\">Kinderspital<\/td>\n<td align=\"left\">Z\u00fcrich<\/td>\n<\/tr>\n<tr>\n<td align=\"left\">ab 1972<\/td>\n<td align=\"left\">Institut des jeunes filles<\/td>\n<td align=\"left\">Lucens<\/td>\n<\/tr>\n<\/tbody>\n<\/table>\n<\/div>\n<div ><a class=\"fusion-button button-flat fusion-button-default-size button-default fusion-button-default button-1 fusion-button-default-span fusion-button-default-type\" style=\"--button_margin-top:35px;\" target=\"_self\" href=\"https:\/\/erzaehlbistro.ch\/fr\/contact\/\"><span class=\"fusion-button-text\">Contactez-nous<\/span><\/a><\/div><\/div><\/div><\/div><\/div><\/p>\n","protected":false},"excerpt":{"rendered":"","protected":false},"author":4,"featured_media":0,"parent":0,"menu_order":0,"comment_status":"closed","ping_status":"closed","template":"","meta":{"_price":"","_stock":"","_tribe_ticket_header":"","_tribe_default_ticket_provider":"","_tribe_ticket_capacity":"0","_ticket_start_date":"","_ticket_end_date":"","_tribe_ticket_show_description":"","_tribe_ticket_show_not_going":false,"_tribe_ticket_use_global_stock":"","_tribe_ticket_global_stock_level":"","_global_stock_mode":"","_global_stock_cap":"","_tribe_rsvp_for_event":"","_tribe_ticket_going_count":"","_tribe_ticket_not_going_count":"","_tribe_tickets_list":"[]","_tribe_ticket_has_attendee_info_fields":false,"footnotes":""},"yoast_head":"<!-- This site is optimized with the Yoast SEO plugin v24.4 - https:\/\/yoast.com\/wordpress\/plugins\/seo\/ -->\n<title>Recherche de traces | Erz\u00e4hlbistro<\/title>\n<meta name=\"robots\" content=\"index, follow, max-snippet:-1, max-image-preview:large, max-video-preview:-1\" \/>\n<link rel=\"canonical\" href=\"https:\/\/erzaehlbistro.ch\/fr\/recherche-de-traces\/\" \/>\n<meta property=\"og:locale\" content=\"fr_FR\" \/>\n<meta property=\"og:type\" content=\"article\" \/>\n<meta property=\"og:title\" content=\"Recherche de traces | Erz\u00e4hlbistro\" \/>\n<meta property=\"og:url\" content=\"https:\/\/erzaehlbistro.ch\/fr\/recherche-de-traces\/\" \/>\n<meta property=\"og:site_name\" content=\"Erz\u00e4hlbistro\" \/>\n<meta property=\"article:modified_time\" content=\"2021-11-22T08:40:25+00:00\" \/>\n<meta name=\"twitter:card\" content=\"summary_large_image\" \/>\n<meta name=\"twitter:label1\" content=\"Dur\u00e9e de lecture estim\u00e9e\" \/>\n\t<meta name=\"twitter:data1\" content=\"12 minutes\" \/>\n<script type=\"application\/ld+json\" class=\"yoast-schema-graph\">{\"@context\":\"https:\/\/schema.org\",\"@graph\":[{\"@type\":\"WebPage\",\"@id\":\"https:\/\/erzaehlbistro.ch\/fr\/recherche-de-traces\/\",\"url\":\"https:\/\/erzaehlbistro.ch\/fr\/recherche-de-traces\/\",\"name\":\"Recherche de traces | Erz\u00e4hlbistro\",\"isPartOf\":{\"@id\":\"https:\/\/erzaehlbistro.ch\/fr\/#website\"},\"datePublished\":\"2021-11-20T04:52:16+00:00\",\"dateModified\":\"2021-11-22T08:40:25+00:00\",\"breadcrumb\":{\"@id\":\"https:\/\/erzaehlbistro.ch\/fr\/recherche-de-traces\/#breadcrumb\"},\"inLanguage\":\"fr-FR\",\"potentialAction\":[{\"@type\":\"ReadAction\",\"target\":[\"https:\/\/erzaehlbistro.ch\/fr\/recherche-de-traces\/\"]}]},{\"@type\":\"BreadcrumbList\",\"@id\":\"https:\/\/erzaehlbistro.ch\/fr\/recherche-de-traces\/#breadcrumb\",\"itemListElement\":[{\"@type\":\"ListItem\",\"position\":1,\"name\":\"Home\",\"item\":\"https:\/\/erzaehlbistro.ch\/fr\/\"},{\"@type\":\"ListItem\",\"position\":2,\"name\":\"Recherche de traces\"}]},{\"@type\":\"WebSite\",\"@id\":\"https:\/\/erzaehlbistro.ch\/fr\/#website\",\"url\":\"https:\/\/erzaehlbistro.ch\/fr\/\",\"name\":\"Erz\u00e4hlbistro\",\"description\":\"Ein Begegnungsort f\u00fcr die Betroffenen f\u00fcrsorgerischer Zwangsmassnahmen\",\"publisher\":{\"@id\":\"https:\/\/erzaehlbistro.ch\/fr\/#organization\"},\"potentialAction\":[{\"@type\":\"SearchAction\",\"target\":{\"@type\":\"EntryPoint\",\"urlTemplate\":\"https:\/\/erzaehlbistro.ch\/fr\/?s={search_term_string}\"},\"query-input\":{\"@type\":\"PropertyValueSpecification\",\"valueRequired\":true,\"valueName\":\"search_term_string\"}}],\"inLanguage\":\"fr-FR\"},{\"@type\":\"Organization\",\"@id\":\"https:\/\/erzaehlbistro.ch\/fr\/#organization\",\"name\":\"Erz\u00e4hlbistro\",\"url\":\"https:\/\/erzaehlbistro.ch\/fr\/\",\"logo\":{\"@type\":\"ImageObject\",\"inLanguage\":\"fr-FR\",\"@id\":\"https:\/\/erzaehlbistro.ch\/fr\/#\/schema\/logo\/image\/\",\"url\":\"https:\/\/erzaehlbistro.ch\/wp-content\/uploads\/2021\/10\/logo-retina.png\",\"contentUrl\":\"https:\/\/erzaehlbistro.ch\/wp-content\/uploads\/2021\/10\/logo-retina.png\",\"width\":468,\"height\":120,\"caption\":\"Erz\u00e4hlbistro\"},\"image\":{\"@id\":\"https:\/\/erzaehlbistro.ch\/fr\/#\/schema\/logo\/image\/\"}}]}<\/script>\n<!-- \/ Yoast SEO plugin. -->","yoast_head_json":{"title":"Recherche de traces | Erz\u00e4hlbistro","robots":{"index":"index","follow":"follow","max-snippet":"max-snippet:-1","max-image-preview":"max-image-preview:large","max-video-preview":"max-video-preview:-1"},"canonical":"https:\/\/erzaehlbistro.ch\/fr\/recherche-de-traces\/","og_locale":"fr_FR","og_type":"article","og_title":"Recherche de traces | Erz\u00e4hlbistro","og_url":"https:\/\/erzaehlbistro.ch\/fr\/recherche-de-traces\/","og_site_name":"Erz\u00e4hlbistro","article_modified_time":"2021-11-22T08:40:25+00:00","twitter_card":"summary_large_image","twitter_misc":{"Dur\u00e9e de lecture estim\u00e9e":"12 minutes"},"schema":{"@context":"https:\/\/schema.org","@graph":[{"@type":"WebPage","@id":"https:\/\/erzaehlbistro.ch\/fr\/recherche-de-traces\/","url":"https:\/\/erzaehlbistro.ch\/fr\/recherche-de-traces\/","name":"Recherche de traces | Erz\u00e4hlbistro","isPartOf":{"@id":"https:\/\/erzaehlbistro.ch\/fr\/#website"},"datePublished":"2021-11-20T04:52:16+00:00","dateModified":"2021-11-22T08:40:25+00:00","breadcrumb":{"@id":"https:\/\/erzaehlbistro.ch\/fr\/recherche-de-traces\/#breadcrumb"},"inLanguage":"fr-FR","potentialAction":[{"@type":"ReadAction","target":["https:\/\/erzaehlbistro.ch\/fr\/recherche-de-traces\/"]}]},{"@type":"BreadcrumbList","@id":"https:\/\/erzaehlbistro.ch\/fr\/recherche-de-traces\/#breadcrumb","itemListElement":[{"@type":"ListItem","position":1,"name":"Home","item":"https:\/\/erzaehlbistro.ch\/fr\/"},{"@type":"ListItem","position":2,"name":"Recherche de traces"}]},{"@type":"WebSite","@id":"https:\/\/erzaehlbistro.ch\/fr\/#website","url":"https:\/\/erzaehlbistro.ch\/fr\/","name":"Erz\u00e4hlbistro","description":"Ein Begegnungsort f\u00fcr die Betroffenen f\u00fcrsorgerischer Zwangsmassnahmen","publisher":{"@id":"https:\/\/erzaehlbistro.ch\/fr\/#organization"},"potentialAction":[{"@type":"SearchAction","target":{"@type":"EntryPoint","urlTemplate":"https:\/\/erzaehlbistro.ch\/fr\/?s={search_term_string}"},"query-input":{"@type":"PropertyValueSpecification","valueRequired":true,"valueName":"search_term_string"}}],"inLanguage":"fr-FR"},{"@type":"Organization","@id":"https:\/\/erzaehlbistro.ch\/fr\/#organization","name":"Erz\u00e4hlbistro","url":"https:\/\/erzaehlbistro.ch\/fr\/","logo":{"@type":"ImageObject","inLanguage":"fr-FR","@id":"https:\/\/erzaehlbistro.ch\/fr\/#\/schema\/logo\/image\/","url":"https:\/\/erzaehlbistro.ch\/wp-content\/uploads\/2021\/10\/logo-retina.png","contentUrl":"https:\/\/erzaehlbistro.ch\/wp-content\/uploads\/2021\/10\/logo-retina.png","width":468,"height":120,"caption":"Erz\u00e4hlbistro"},"image":{"@id":"https:\/\/erzaehlbistro.ch\/fr\/#\/schema\/logo\/image\/"}}]}},"_links":{"self":[{"href":"https:\/\/erzaehlbistro.ch\/fr\/wp-json\/wp\/v2\/pages\/3856"}],"collection":[{"href":"https:\/\/erzaehlbistro.ch\/fr\/wp-json\/wp\/v2\/pages"}],"about":[{"href":"https:\/\/erzaehlbistro.ch\/fr\/wp-json\/wp\/v2\/types\/page"}],"author":[{"embeddable":true,"href":"https:\/\/erzaehlbistro.ch\/fr\/wp-json\/wp\/v2\/users\/4"}],"replies":[{"embeddable":true,"href":"https:\/\/erzaehlbistro.ch\/fr\/wp-json\/wp\/v2\/comments?post=3856"}],"version-history":[{"count":1,"href":"https:\/\/erzaehlbistro.ch\/fr\/wp-json\/wp\/v2\/pages\/3856\/revisions"}],"predecessor-version":[{"id":4114,"href":"https:\/\/erzaehlbistro.ch\/fr\/wp-json\/wp\/v2\/pages\/3856\/revisions\/4114"}],"wp:attachment":[{"href":"https:\/\/erzaehlbistro.ch\/fr\/wp-json\/wp\/v2\/media?parent=3856"}],"curies":[{"name":"wp","href":"https:\/\/api.w.org\/{rel}","templated":true}]}}